{"id":16146,"date":"2022-08-28T18:51:37","date_gmt":"2022-08-28T16:51:37","guid":{"rendered":"http:\/\/new.crossfitbeaune.com\/?page_id=16146"},"modified":"2026-04-01T15:11:26","modified_gmt":"2026-04-01T13:11:26","slug":"notre-methode","status":"publish","type":"page","link":"https:\/\/crossfitbeaune.com\/index.php\/notre-methode\/","title":{"rendered":"Notre m\u00e9thode ?"},"content":{"rendered":"<div class=\"wpb-content-wrapper\"><p>[vc_row][vc_column][vc_column_text]<\/p>\n<p style=\"text-align: center;\"><span style=\"color: #000000; font-size: 36pt; font-family: arial, helvetica, sans-serif;\"><strong>Prenez un rendez-vous<\/strong><\/span><\/p>\n<p>[\/vc_column_text][vc_empty_space][\/vc_column][\/vc_row][vc_row row_type=\u00a0\u00bbparallax\u00a0\u00bb content_width=\u00a0\u00bbgrid\u00a0\u00bb content_aligment=\u00a0\u00bbcenter\u00a0\u00bb full_screen_section_height=\u00a0\u00bbno\u00a0\u00bb parallax_background_image=\u00a0\u00bb17867&Prime; css=\u00a0\u00bb.vc_custom_1707937749313{margin-right: 0px !important;margin-left: 0px !important;padding-top: 15px !important;padding-bottom: 15px !important;background-position: center !important;background-repeat: no-repeat !important;background-size: cover !important;}\u00a0\u00bb][vc_column][vc_row_inner content_aligment=\u00a0\u00bbcenter\u00a0\u00bb][vc_column_inner][vc_column_text]<\/p>\n<p style=\"text-align: center;\"><strong><span style=\"font-family: arial, helvetica, sans-serif; font-size: 14pt; color: #ffffff;\">Dans la vid\u00e9o ci-dessous, nous t&rsquo;expliquerons<\/span><\/strong><\/p>\n<p style=\"text-align: left;\"><span style=\"font-family: arial, helvetica, sans-serif; font-size: 14pt; color: #ffffff;\">1 \u2013 La m\u00e9thodologie qui a aid\u00e9 + 3 000 personnes \u00e0 atteindre leurs objectifs.<\/span><\/p>\n<p style=\"text-align: left;\"><span style=\"font-family: arial, helvetica, sans-serif; font-size: 14pt; color: #ffffff;\">2 \u2013 Les 4 erreurs \u00e0 ne surtout pas faire si tu veux te remettre en forme rapidement.<\/span><\/p>\n<p style=\"text-align: left;\"><span style=\"font-family: arial, helvetica, sans-serif; font-size: 14pt; color: #ffffff;\">3 \u2013 Nos clients t\u2019expliquent leurs r\u00e9sultats et comment nous les avons aid\u00e9.<\/span><\/p>\n<p>[\/vc_column_text][\/vc_column_inner][\/vc_row_inner][\/vc_column][\/vc_row][vc_row content_aligment=\u00a0\u00bbcenter\u00a0\u00bb][vc_column][vc_empty_space][\/vc_column][\/vc_row][vc_row][vc_column][vc_empty_space height=\u00a0\u00bb50px\u00a0\u00bb][\/vc_column][\/vc_row][vc_row css=\u00a0\u00bb.vc_custom_1706981761624{margin-right: 50px !important;margin-left: 50px !important;}\u00a0\u00bb][vc_column][vc_column_text]<\/p>\n<p style=\"text-align: center;\"><span style=\"color: #000000;\"><strong>Je vais te donner la clef de la r\u00e9ussite pour ta future transformation<\/strong><\/span><\/p>\n<p>[\/vc_column_text][vc_empty_space][\/vc_column][\/vc_row][vc_row][vc_column]<div class=\"mkd-section-title-holder\">\n\t<h3 class=\"mkd-section-title mkd-section-title-small mkd-section-title-center\" style=\"color: #dd3333;text-align: center\">\n\tA VISIONNER AVANT DE PRENDRE RENDEZ-VOUS<\/h3>\n<\/div>[vc_empty_space height=\u00a0\u00bb10&Prime;][vc_column_text css=\u00a0\u00bb\u00a0\u00bb]<\/p>\n<p style=\"text-align: center;\"><span style=\"color: #000000;\">(Calendrier des rendez-vous en dessous de la vid\u00e9o)<\/span><\/p>\n<p>[\/vc_column_text][\/vc_column][\/vc_row][vc_row content_aligment=\u00a0\u00bbcenter\u00a0\u00bb css=\u00a0\u00bb.vc_custom_1664457994728{padding-right: 25px !important;padding-left: 25px !important;}\u00a0\u00bb][vc_column][vc_empty_space height=\u00a0\u00bb20px\u00a0\u00bb][vc_video link=\u00a0\u00bbhttps:\/\/youtu.be\/AVcisf3bzu4&Prime; el_width=\u00a0\u00bb60&Prime; align=\u00a0\u00bbcenter\u00a0\u00bb][vc_empty_space height=\u00a0\u00bb30px\u00a0\u00bb][vc_raw_html]JTNDJTIxLS0lMjBEJUMzJUE5YnV0JTIwZGUlMjB3aWRnZXQlMjBlbiUyMGxpZ25lJTIwQ2FsZW5kbHklMjAtLSUzRSUwQSUzQ2RpdiUyMGNsYXNzJTNEJTIyY2FsZW5kbHktaW5saW5lLXdpZGdldCUyMiUyMGRhdGEtdXJsJTNEJTIyaHR0cHMlM0ElMkYlMkZjYWxlbmRseS5jb20lMkZjb250YWN0LWNyb3NzZml0YmVhdW5lJTJGcHJlbmRyZS11bi1yZW5kZXotdm91cyUyMiUyMHN0eWxlJTNEJTIybWluLXdpZHRoJTNBMzIwcHglM0JoZWlnaHQlM0E2MzBweCUzQiUyMiUzRSUzQyUyRmRpdiUzRSUwQSUzQ3NjcmlwdCUyMHR5cGUlM0QlMjJ0ZXh0JTJGamF2YXNjcmlwdCUyMiUyMHNyYyUzRCUyMmh0dHBzJTNBJTJGJTJGYXNzZXRzLmNhbGVuZGx5LmNvbSUyRmFzc2V0cyUyRmV4dGVybmFsJTJGd2lkZ2V0LmpzJTIyJTIwYXN5bmMlM0UlM0MlMkZzY3JpcHQlM0UlMEElM0MlMjEtLSUyMEZpbiUyMGRlJTIwd2lkZ2V0JTIwZW4lMjBsaWduZSUyMENhbGVuZGx5JTIwLS0lM0U=[\/vc_raw_html][\/vc_column][\/vc_row][vc_row][vc_column][vc_column_text][\/vc_column_text][\/vc_column][\/vc_row]<\/p>\n<\/div>","protected":false},"excerpt":{"rendered":"<p>[vc_row][vc_column][vc_column_text] Prenez un rendez-vous [\/vc_column_text][vc_empty_space][\/vc_column][\/vc_row][vc_row row_type=\u00a0\u00bbparallax\u00a0\u00bb content_width=\u00a0\u00bbgrid\u00a0\u00bb content_aligment=\u00a0\u00bbcenter\u00a0\u00bb full_screen_section_height=\u00a0\u00bbno\u00a0\u00bb parallax_background_image=\u00a0\u00bb17867&Prime; css=\u00a0\u00bb.vc_custom_1707937749313{margin-right: 0px !important;margin-left: 0px !important;padding-top: 15px !important;padding-bottom: 15px !important;background-position: center !important;background-repeat: no-repeat !important;background-size: cover !important;}\u00a0\u00bb][vc_column][vc_row_inner content_aligment=\u00a0\u00bbcenter\u00a0\u00bb][vc_column_inner][vc_column_text] Dans la vid\u00e9o ci-dessous, nous t&rsquo;expliquerons 1 \u2013 La m\u00e9thodologie qui a aid\u00e9 + 3 000 personnes \u00e0 atteindre&#8230;<\/p>\n","protected":false},"author":1,"featured_media":0,"parent":0,"menu_order":0,"comment_status":"closed","ping_status":"closed","template":"full-width.php","meta":{"om_disable_all_campaigns":false,"_monsterinsights_skip_tracking":false,"_monsterinsights_sitenote_active":false,"_monsterinsights_sitenote_note":"","_monsterinsights_sitenote_category":0,"footnotes":""},"class_list":["post-16146","page","type-page","status-publish","hentry"],"aioseo_notices":[],"_links":{"self":[{"href":"https:\/\/crossfitbeaune.com\/index.php\/wp-json\/wp\/v2\/pages\/16146","targetHints":{"allow":["GET"]}}],"collection":[{"href":"https:\/\/crossfitbeaune.com\/index.php\/wp-json\/wp\/v2\/pages"}],"about":[{"href":"https:\/\/crossfitbeaune.com\/index.php\/wp-json\/wp\/v2\/types\/page"}],"author":[{"embeddable":true,"href":"https:\/\/crossfitbeaune.com\/index.php\/wp-json\/wp\/v2\/users\/1"}],"replies":[{"embeddable":true,"href":"https:\/\/crossfitbeaune.com\/index.php\/wp-json\/wp\/v2\/comments?post=16146"}],"version-history":[{"count":86,"href":"https:\/\/crossfitbeaune.com\/index.php\/wp-json\/wp\/v2\/pages\/16146\/revisions"}],"predecessor-version":[{"id":19065,"href":"https:\/\/crossfitbeaune.com\/index.php\/wp-json\/wp\/v2\/pages\/16146\/revisions\/19065"}],"wp:attachment":[{"href":"https:\/\/crossfitbeaune.com\/index.php\/wp-json\/wp\/v2\/media?parent=16146"}],"curies":[{"name":"wp","href":"https:\/\/api.w.org\/{rel}","templated":true}]}}