{"id":13165,"date":"2017-02-06T16:16:43","date_gmt":"2017-02-06T16:16:43","guid":{"rendered":"http:\/\/topfit.mikado-themes.com\/?page_id=13165"},"modified":"2025-10-13T17:32:31","modified_gmt":"2025-10-13T15:32:31","slug":"contact","status":"publish","type":"page","link":"https:\/\/crossfitbeaune.com\/index.php\/contact\/","title":{"rendered":"Contact"},"content":{"rendered":"<div class=\"wpb-content-wrapper\"><p>[vc_row row_type=\u00a0\u00bbparallax\u00a0\u00bb content_width=\u00a0\u00bbgrid\u00a0\u00bb full_screen_section_height=\u00a0\u00bbno\u00a0\u00bb css=\u00a0\u00bb.vc_custom_1664034688464{padding-top: 100px !important;padding-bottom: 92px !important;background-image: url(http:\/\/topfit.mikado-themes.com\/wp-content\/uploads\/2017\/02\/contact-page-image-1.jpg?id=13233) !important;}\u00a0\u00bb][vc_column offset=\u00a0\u00bbvc_col-lg-6 vc_col-md-12 vc_col-xs-12&Prime;][vc_column_text]<\/p>\n<p style=\"text-align: center;\"><strong><a id=\"noustrouver\"><\/a>Nous trouver<\/strong><\/p>\n<p>[\/vc_column_text]<div class=\"mkd-elements-holder mkd-responsive-mode-768\" ><div class=\"mkd-elements-holder-item mkd-width-1-2 mkd-horizontal-alignment-left\"  >\n\t<div class=\"mkd-elements-holder-item-inner\">\n\t\t<div class=\"mkd-elements-holder-item-content mkd-elements-holder-custom-671877\" style=\"padding: 0 0 0 0\">\n\t\t\t            \t\t\t    [vc_raw_html]JTNDaWZyYW1lJTIwc3JjJTNEJTIyaHR0cHMlM0ElMkYlMkZ3d3cuZ29vZ2xlLmNvbSUyRm1hcHMlMkZlbWJlZCUzRnBiJTNEJTIxMW0xOCUyMTFtMTIlMjExbTMlMjExZDI3MTkuODQxMTYzNDI3ODUyMyUyMTJkNC44NDg2NzMxNzYyMTIyOTQlMjEzZDQ3LjAyMzcyMjcyODA0NjM0JTIxMm0zJTIxMWYwJTIxMmYwJTIxM2YwJTIxM20yJTIxMWkxMDI0JTIxMmk3NjglMjE0ZjEzLjElMjEzbTMlMjExbTIlMjExczB4NDdmMmYzMzc1NTgyMzRlZCUyNTNBMHg0YTAyMzc0MDU4OTkyYWE2JTIxMnNDcm9zc0ZpdCUyNTIwQmVhdW5lJTIxNWUwJTIxM20yJTIxMXNmciUyMTJzZnIlMjE0djE2OTY4NDU4NDQ5ODYlMjE1bTIlMjExc2ZyJTIxMnNmciUyMiUyMHdpZHRoJTNEJTIyNjAwJTIyJTIwaGVpZ2h0JTNEJTIyNDUwJTIyJTIwc3R5bGUlM0QlMjJib3JkZXIlM0EwJTNCJTIyJTIwYWxsb3dmdWxsc2NyZWVuJTNEJTIyJTIyJTIwbG9hZGluZyUzRCUyMmxhenklMjIlMjByZWZlcnJlcnBvbGljeSUzRCUyMm5vLXJlZmVycmVyLXdoZW4tZG93bmdyYWRlJTIyJTNFJTNDJTJGaWZyYW1lJTNF[\/vc_raw_html][vc_empty_space height=\u00a0\u00bb28px\u00a0\u00bb][vc_column_text]<\/p>\n<h5><span style=\"color: #808080;\">Adresse<br \/>\n<\/span><\/h5>\n<p>[\/vc_column_text][vc_column_text]<\/p>\n<h5><a href=\"https:\/\/www.google.com\/maps\/search\/?api=1&amp;query=crossfit+beaune\" target=\"_blank\" rel=\"noopener\">12 rue Maurice Chantin &#8211; 21200 BEAUNE<\/a><\/h5>\n<p>[\/vc_column_text][vc_empty_space height=\u00a0\u00bb22px\u00a0\u00bb][vc_column_text]<\/p>\n<h5><span style=\"color: #808080;\">T\u00e9l\u00e9phone:<\/span><\/h5>\n<p>[\/vc_column_text][vc_column_text]<\/p>\n<h5><a href=\"tel:0380206920\">03 80 20 69 20<\/a><\/h5>\n<p>[\/vc_column_text][vc_empty_space height=\u00a0\u00bb22px\u00a0\u00bb][vc_column_text]<\/p>\n<h5><span style=\"color: #808080;\">Email:<\/span><\/h5>\n<p>[\/vc_column_text][vc_column_text]<\/p>\n<h5><a href=\"mailto:contact@crossfitbeaune.com\">contact@crossfitbeaune.com<\/a><\/h5>\n<p>[\/vc_column_text]            \t\t<\/div>\n\t<\/div>\n<\/div><\/div>[vc_empty_space height=\u00a0\u00bb35px\u00a0\u00bb][\/vc_column][vc_column offset=\u00a0\u00bbvc_col-lg-6 vc_col-md-12 vc_col-xs-12&Prime;][vc_column_text]<\/p>\n<p style=\"text-align: center;\"><strong><a id=\"nouscontacter\"><\/a>Nous contacter<\/strong><\/p>\n<p>[\/vc_column_text]\n<div class=\"wpcf7 no-js\" id=\"wpcf7-f17057-o1\" lang=\"fr-FR\" dir=\"ltr\" data-wpcf7-id=\"17057\">\n<div class=\"screen-reader-response\"><p role=\"status\" aria-live=\"polite\" aria-atomic=\"true\"><\/p> <ul><\/ul><\/div>\n<form action=\"\/index.php\/wp-json\/wp\/v2\/pages\/13165#wpcf7-f17057-o1\" method=\"post\" class=\"wpcf7-form init\" aria-label=\"Formulaire de contact\" novalidate=\"novalidate\" data-status=\"init\">\n<fieldset class=\"hidden-fields-container\"><input type=\"hidden\" name=\"_wpcf7\" value=\"17057\" \/><input type=\"hidden\" name=\"_wpcf7_version\" value=\"6.1.5\" \/><input type=\"hidden\" name=\"_wpcf7_locale\" value=\"fr_FR\" \/><input type=\"hidden\" name=\"_wpcf7_unit_tag\" value=\"wpcf7-f17057-o1\" \/><input type=\"hidden\" name=\"_wpcf7_container_post\" value=\"0\" \/><input type=\"hidden\" name=\"_wpcf7_posted_data_hash\" value=\"\" \/><input type=\"hidden\" name=\"_wpcf7_recaptcha_response\" value=\"\" \/>\n<\/fieldset>\n<p><label> Pr\u00e9nom*<br \/>\n<span class=\"wpcf7-form-control-wrap\" data-name=\"firstname\"><input size=\"40\" maxlength=\"400\" class=\"wpcf7-form-control wpcf7-text wpcf7-validates-as-required\" aria-required=\"true\" aria-invalid=\"false\" value=\"\" type=\"text\" name=\"firstname\" \/><\/span> <\/label><br \/>\n<span id=\"wpcf7-69dfcd1577b72-wrapper\" class=\"wpcf7-form-control-wrap piotopehoneypot-wrap\" style=\"display:none !important; visibility:hidden !important;\"><label for=\"wpcf7-69dfcd1577b72-field\" class=\"hp-message\">Veuillez laisser ce champ vide.<\/label><input id=\"wpcf7-69dfcd1577b72-field\"  class=\"wpcf7-form-control wpcf7-text\" type=\"text\" name=\"piotopehoneypot\" value=\"\" size=\"40\" tabindex=\"-1\" autocomplete=\"new-password\" \/><\/span>\n<\/p>\n<p><label> Nom*<br \/>\n<span class=\"wpcf7-form-control-wrap\" data-name=\"lastname\"><input size=\"40\" maxlength=\"400\" class=\"wpcf7-form-control wpcf7-text wpcf7-validates-as-required\" aria-required=\"true\" aria-invalid=\"false\" value=\"\" type=\"text\" name=\"lastname\" \/><\/span> <\/label>\n<\/p>\n<p><label> Votre Email*<br \/>\n<span class=\"wpcf7-form-control-wrap\" data-name=\"email\"><input size=\"40\" maxlength=\"400\" class=\"wpcf7-form-control wpcf7-email wpcf7-validates-as-required wpcf7-text wpcf7-validates-as-email\" aria-required=\"true\" aria-invalid=\"false\" value=\"\" type=\"email\" name=\"email\" \/><\/span> <\/label>\n<\/p>\n<p><label> Num\u00e9ro de t\u00e9l\u00e9phone<br \/>\n<span class=\"wpcf7-form-control-wrap\" data-name=\"phone\"><input size=\"40\" maxlength=\"400\" class=\"wpcf7-form-control wpcf7-text\" aria-invalid=\"false\" value=\"\" type=\"text\" name=\"phone\" \/><\/span> <\/label>\n<\/p>\n<p><label> Message*<br \/>\n<span class=\"wpcf7-form-control-wrap\" data-name=\"message\"><textarea cols=\"40\" rows=\"10\" maxlength=\"2000\" class=\"wpcf7-form-control wpcf7-textarea wpcf7-validates-as-required\" aria-required=\"true\" aria-invalid=\"false\" name=\"message\"><\/textarea><\/span> <\/label>\n<\/p>\n<p><span id=\"wpcf7-69dfcd1577c1f-wrapper\" class=\"wpcf7-form-control-wrap antirobot-wrap\" style=\"display:none !important; visibility:hidden !important;\"><label for=\"wpcf7-69dfcd1577c1f-field\" class=\"hp-message\">Veuillez laisser ce champ vide.<\/label><input id=\"wpcf7-69dfcd1577c1f-field\"  class=\"wpcf7-form-control wpcf7-text\" type=\"text\" name=\"antirobot\" value=\"\" size=\"40\" tabindex=\"-1\" autocomplete=\"new-password\" \/><\/span>\n<\/p>\n<p><input class=\"wpcf7-form-control wpcf7-submit has-spinner\" type=\"submit\" value=\"Envoyer\" \/>\n<\/p><p style=\"display: none !important;\" class=\"akismet-fields-container\" data-prefix=\"_wpcf7_ak_\"><label>&#916;<textarea name=\"_wpcf7_ak_hp_textarea\" cols=\"45\" rows=\"8\" maxlength=\"100\"><\/textarea><\/label><input type=\"hidden\" id=\"ak_js_1\" name=\"_wpcf7_ak_js\" value=\"190\"\/><script>document.getElementById( \"ak_js_1\" ).setAttribute( \"value\", ( new Date() ).getTime() );<\/script><\/p><div class=\"wpcf7-response-output\" aria-hidden=\"true\"><\/div>\n<\/form>\n<\/div>\n[vc_empty_space][vc_column_text]<\/p>\n<p style=\"text-align: center;\"><strong><a id=\"horaires\"><\/a>Nos horaires d&rsquo;ouverture<\/strong><\/p>\n<p>[\/vc_column_text][vc_raw_html]JTVCb3BlbiU1RA==[\/vc_raw_html][\/vc_column][\/vc_row][vc_row content_width=\u00a0\u00bbgrid\u00a0\u00bb content_aligment=\u00a0\u00bbcenter\u00a0\u00bb css=\u00a0\u00bb.vc_custom_1486467392482{padding-top: 66px !important;padding-bottom: 74px !important;background-color: #3a3e9b !important;}\u00a0\u00bb][vc_column offset=\u00a0\u00bbvc_col-lg-12 vc_col-md-12 vc_col-xs-12&Prime;][vc_column_text]<\/p>\n<h5><span style=\"color: #ffffff;\">Suivez-nous sur<\/span><\/h5>\n<p>[\/vc_column_text][vc_empty_space]\n\t<span class=\"mkd-icon-shortcode circle\" style=\"width: 50px;height: 50px;line-height: 50px;background-color: #474ca6;border-style: solid;border-color: #474ca6;border-width: 1px\" data-hover-border-color=\"#e64852\" data-hover-background-color=\"#e64852\" data-hover-color=\"#ffffff\" data-color=\"#ffffff\">\n        \t\t<a  href=\"https:\/\/www.instagram.com\/crossfitbeaune\/\" target=\"_blank\">\n\t\t\t\n\t\t\t<i class=\"mkd-icon-font-awesome fa fa-instagram mkd-icon-element\" style=\"color: #ffffff;font-size:20px\" ><\/i>\n\t\t\t\t\t<\/a>\n\t\t<span class=\"mkd-icon-overlay\"><\/span>\n\t\t    <\/span>\n\n\t\n\t<span class=\"mkd-icon-shortcode circle\" style=\"width: 50px;height: 50px;line-height: 50px;background-color: #474ca6;border-style: solid;border-color: #474ca6;border-width: 1px\" data-hover-border-color=\"#e64852\" data-hover-background-color=\"#e64852\" data-hover-color=\"#ffffff\" data-color=\"#ffffff\">\n        \t\t<a  href=\"https:\/\/www.facebook.com\/crossfitbeaune\/\" target=\"_blank\">\n\t\t\t\n\t\t\t<i class=\"mkd-icon-font-awesome fa fa-facebook-f mkd-icon-element\" style=\"color: #ffffff;font-size:20px\" ><\/i>\n\t\t\t\t\t<\/a>\n\t\t<span class=\"mkd-icon-overlay\"><\/span>\n\t\t    <\/span>\n\n\t\n\t<span class=\"mkd-icon-shortcode circle\" style=\"width: 50px;height: 50px;line-height: 50px;background-color: #474ca6;border-style: solid;border-color: #474ca6;border-width: 1px\" data-hover-border-color=\"#e64852\" data-hover-background-color=\"#e64852\" data-hover-color=\"#ffffff\" data-color=\"#ffffff\">\n        \t\t<a  href=\"https:\/\/www.youtube.com\/channel\/UCqKhEjTgmw9p-PndWNqETXQ\" target=\"_blank\">\n\t\t\t\n\t\t\t<i class=\"mkd-icon-font-awesome fa fa-youtube-play mkd-icon-element\" style=\"color: #ffffff;font-size:20px\" ><\/i>\n\t\t\t\t\t<\/a>\n\t\t<span class=\"mkd-icon-overlay\"><\/span>\n\t\t    <\/span>\n\n\t[\/vc_column][\/vc_row]<\/p>\n<\/div>","protected":false},"excerpt":{"rendered":"<p>[vc_row row_type=\u00a0\u00bbparallax\u00a0\u00bb content_width=\u00a0\u00bbgrid\u00a0\u00bb full_screen_section_height=\u00a0\u00bbno\u00a0\u00bb css=\u00a0\u00bb.vc_custom_1664034688464{padding-top: 100px !important;padding-bottom: 92px !important;background-image: url(http:\/\/topfit.mikado-themes.com\/wp-content\/uploads\/2017\/02\/contact-page-image-1.jpg?id=13233) !important;}\u00a0\u00bb][vc_column offset=\u00a0\u00bbvc_col-lg-6 vc_col-md-12 vc_col-xs-12&Prime;][vc_column_text] Nous trouver [\/vc_column_text][vc_empty_space height=\u00a0\u00bb35px\u00a0\u00bb][\/vc_column][vc_column offset=\u00a0\u00bbvc_col-lg-6 vc_col-md-12 vc_col-xs-12&Prime;][vc_column_text] Nous contacter [\/vc_column_text][vc_empty_space][vc_column_text] Nos horaires d&rsquo;ouverture [\/vc_column_text][vc_raw_html]JTVCb3BlbiU1RA==[\/vc_raw_html][\/vc_column][\/vc_row][vc_row content_width=\u00a0\u00bbgrid\u00a0\u00bb content_aligment=\u00a0\u00bbcenter\u00a0\u00bb css=\u00a0\u00bb.vc_custom_1486467392482{padding-top: 66px !important;padding-bottom: 74px !important;background-color: #3a3e9b !important;}\u00a0\u00bb][vc_column offset=\u00a0\u00bbvc_col-lg-12 vc_col-md-12 vc_col-xs-12&Prime;][vc_column_text] Suivez-nous sur [\/vc_column_text][vc_empty_space][\/vc_column][\/vc_row]<\/p>\n","protected":false},"author":1,"featured_media":0,"parent":0,"menu_order":0,"comment_status":"closed","ping_status":"closed","template":"full-width.php","meta":{"om_disable_all_campaigns":false,"_monsterinsights_skip_tracking":false,"_monsterinsights_sitenote_active":false,"_monsterinsights_sitenote_note":"","_monsterinsights_sitenote_category":0,"footnotes":""},"class_list":["post-13165","page","type-page","status-publish","hentry"],"aioseo_notices":[],"_links":{"self":[{"href":"https:\/\/crossfitbeaune.com\/index.php\/wp-json\/wp\/v2\/pages\/13165","targetHints":{"allow":["GET"]}}],"collection":[{"href":"https:\/\/crossfitbeaune.com\/index.php\/wp-json\/wp\/v2\/pages"}],"about":[{"href":"https:\/\/crossfitbeaune.com\/index.php\/wp-json\/wp\/v2\/types\/page"}],"author":[{"embeddable":true,"href":"https:\/\/crossfitbeaune.com\/index.php\/wp-json\/wp\/v2\/users\/1"}],"replies":[{"embeddable":true,"href":"https:\/\/crossfitbeaune.com\/index.php\/wp-json\/wp\/v2\/comments?post=13165"}],"version-history":[{"count":28,"href":"https:\/\/crossfitbeaune.com\/index.php\/wp-json\/wp\/v2\/pages\/13165\/revisions"}],"predecessor-version":[{"id":18656,"href":"https:\/\/crossfitbeaune.com\/index.php\/wp-json\/wp\/v2\/pages\/13165\/revisions\/18656"}],"wp:attachment":[{"href":"https:\/\/crossfitbeaune.com\/index.php\/wp-json\/wp\/v2\/media?parent=13165"}],"curies":[{"name":"wp","href":"https:\/\/api.w.org\/{rel}","templated":true}]}}