{"id":13163,"date":"2017-02-06T16:13:44","date_gmt":"2017-02-06T16:13:44","guid":{"rendered":"http:\/\/topfit.mikado-themes.com\/?page_id=13163"},"modified":"2026-01-04T17:49:23","modified_gmt":"2026-01-04T16:49:23","slug":"tarifs","status":"publish","type":"page","link":"https:\/\/crossfitbeaune.com\/index.php\/tarifs\/","title":{"rendered":"Tarifs"},"content":{"rendered":"<div class=\"wpb-content-wrapper\"><p>[vc_row][vc_column][vc_empty_space height=\u00a0\u00bb30&Prime;][\/vc_column][\/vc_row][vc_row][vc_column][vc_single_image image=\u00a0\u00bb19016&Prime; img_size=\u00a0\u00bblarge\u00a0\u00bb alignment=\u00a0\u00bbcenter\u00a0\u00bb onclick=\u00a0\u00bbcustom_link\u00a0\u00bb img_link_target=\u00a0\u00bb_blank\u00a0\u00bb css=\u00a0\u00bb\u00a0\u00bb link=\u00a0\u00bbhttps:\/\/crossfitbeaune.com\/index.php\/notre-methode\/\u00a0\u00bb][vc_empty_space height=\u00a0\u00bb30&Prime;][\/vc_column][\/vc_row][vc_row][vc_column][vc_single_image image=\u00a0\u00bb19018&Prime; img_size=\u00a0\u00bblarge\u00a0\u00bb alignment=\u00a0\u00bbcenter\u00a0\u00bb onclick=\u00a0\u00bbcustom_link\u00a0\u00bb img_link_target=\u00a0\u00bb_blank\u00a0\u00bb css=\u00a0\u00bb\u00a0\u00bb link=\u00a0\u00bbhttps:\/\/crossfitbeaune.com\/index.php\/notre-methode\/\u00a0\u00bb][vc_empty_space height=\u00a0\u00bb30&Prime;][\/vc_column][\/vc_row][vc_row][vc_column][vc_single_image image=\u00a0\u00bb19021&Prime; img_size=\u00a0\u00bblarge\u00a0\u00bb alignment=\u00a0\u00bbcenter\u00a0\u00bb onclick=\u00a0\u00bbimg_link_large\u00a0\u00bb css=\u00a0\u00bb\u00a0\u00bb][vc_empty_space height=\u00a0\u00bb30&Prime;][\/vc_column][\/vc_row][vc_row content_width=\u00a0\u00bbgrid\u00a0\u00bb content_aligment=\u00a0\u00bbcenter\u00a0\u00bb css=\u00a0\u00bb.vc_custom_1767463184015{padding-top: 0px !important;padding-bottom: 0px !important;}\u00a0\u00bb][vc_column offset=\u00a0\u00bbvc_col-lg-offset-2 vc_col-lg-8 vc_col-md-offset-2 vc_col-md-8 vc_col-sm-offset-0 vc_col-xs-12&Prime;][vc_column_text css=\u00a0\u00bb\u00a0\u00bb]<\/p>\n<h3 style=\"text-align: center;\" data-start=\"1057\" data-end=\"1106\"><span style=\"color: #000000; font-size: 24pt;\">POURQUOI NOUS NE METTONS PAS <span style=\"color: #0000ff;\">DE PRIX EN LIGNE<\/span><\/span><\/h3>\n<p style=\"text-align: left;\" data-start=\"1107\" data-end=\"1191\"><span style=\"color: #000000;\">Parce que tu n\u2019ach\u00e8tes <strong>pas un acc\u00e8s<\/strong> \u00e0 une salle.<\/span><br data-start=\"1155\" data-end=\"1158\" \/><span style=\"color: #000000;\">Tu choisis un <strong data-start=\"1172\" data-end=\"1190\">accompagnement<\/strong>.<\/span><\/p>\n<p style=\"text-align: left;\" data-start=\"1193\" data-end=\"1248\"><span style=\"color: #000000;\">Afficher un prix sans te conna\u00eetre n\u2019aurait <strong>aucun sens.<\/strong><\/span><\/p>\n<p style=\"text-align: center;\" data-start=\"1250\" data-end=\"1302\"><span style=\"color: #000000;\">Chez <strong>CrossFit Beaune<\/strong>, le tarif d\u00e9pend notamment de :<\/span><\/p>\n<p style=\"text-align: left;\"><span style=\"color: #000000;\"><span style=\"color: #3366ff; font-size: 14pt;\">\u274e <\/span>ton <strong>objectif<\/strong> (forme, perte de <strong>poids<\/strong>, prise de <strong>masse<\/strong>, performance, bien-\u00eatre)<\/span><\/p>\n<p style=\"text-align: left;\" data-start=\"1368\" data-end=\"1385\"><span style=\"color: #000000;\"><span style=\"color: #3366ff; font-size: 14pt;\">\u274e <\/span>ton <strong>niveau<\/strong> actuel<\/span><\/p>\n<p style=\"text-align: left;\" data-start=\"1388\" data-end=\"1413\"><span style=\"color: #000000;\"><span style=\"color: #3366ff; font-size: 14pt;\">\u274e <\/span>ton <strong>rythme<\/strong> d\u2019entra\u00eenement<\/span><\/p>\n<p style=\"text-align: left;\" data-start=\"1416\" data-end=\"1450\"><span style=\"color: #000000;\"><span style=\"color: #3366ff; font-size: 14pt;\">\u274e <\/span>le <strong>type de suivi<\/strong> dont tu as besoin<\/span><\/p>\n<p style=\"text-align: center;\" data-start=\"1452\" data-end=\"1523\"><span style=\"color: #000000; font-size: 18pt;\">\ud83d\udc49 <strong data-start=\"1455\" data-end=\"1523\">Un court \u00e9change permet de te proposer la formule la plus juste.<\/strong><\/span><\/p>\n<p>[\/vc_column_text][vc_empty_space height=\u00a0\u00bb15&Prime;][\/vc_column][\/vc_row][vc_row content_aligment=\u00a0\u00bbcenter\u00a0\u00bb css=\u00a0\u00bb.vc_custom_1767460894272{padding-right: 25px !important;padding-left: 25px !important;}\u00a0\u00bb][vc_column]<a href=\"https:\/\/crossfitbeaune.com\/index.php\/notre-methode\/\"\n   target=\"_blank\" style=\"background-color: #DD3333;font-size: 12px\" class=\"mkd-btn mkd-btn-solid mkd-btn-large mkd-btn-hover-black\"  >\n\t<span class=\"mkd-btn-text\">Je r\u00e9serve mon rendez-vous<\/span>\n\t\n\t\n\t\t\t<span class=\"mkd-btn-helper\" ><\/span>\n\t<\/a>[vc_empty_space height=\u00a0\u00bb50&Prime;][\/vc_column][\/vc_row][vc_row content_width=\u00a0\u00bbgrid\u00a0\u00bb content_aligment=\u00a0\u00bbcenter\u00a0\u00bb css=\u00a0\u00bb.vc_custom_1767463495044{padding-top: 0px !important;padding-bottom: 0px !important;}\u00a0\u00bb][vc_column offset=\u00a0\u00bbvc_col-lg-offset-2 vc_col-lg-8 vc_col-md-offset-2 vc_col-md-8 vc_col-sm-offset-0 vc_col-xs-12&Prime;][vc_column_text css=\u00a0\u00bb\u00a0\u00bb]<\/p>\n<h3 style=\"text-align: center;\" data-start=\"2480\" data-end=\"2507\"><span style=\"color: #000000; font-size: 24pt;\">ESSAI &amp; <span style=\"color: #0000ff;\">PREMIER CONTACT<\/span><\/span><\/h3>\n<p data-start=\"2508\" data-end=\"2584\"><span style=\"color: #000000;\">Tu n\u2019as jamais fait de CrossFit ?<\/span><br data-start=\"2541\" data-end=\"2544\" \/><span style=\"color: #000000;\">Tu penses ne \u201cpas \u00eatre assez en forme\u201d ?<\/span><\/p>\n<p data-start=\"2586\" data-end=\"2636\"><span style=\"color: #000000;\">\ud83d\udc49 <strong data-start=\"2589\" data-end=\"2636\">C\u2019est justement pour \u00e7a que nous sommes l\u00e0.<\/strong><\/span><\/p>\n<p data-start=\"2638\" data-end=\"2669\"><strong><span style=\"color: #000000;\">Le premier rendez-vous permet :<\/span><\/strong><\/p>\n<p data-start=\"2672\" data-end=\"2706\"><span style=\"color: #000000;\"><span style=\"color: #3366ff; font-size: 14pt;\">\u274e <\/span>de <strong>faire le point<\/strong> sur ta situation<\/span><\/p>\n<p data-start=\"2709\" data-end=\"2743\"><span style=\"color: #000000;\"><span style=\"color: #3366ff; font-size: 14pt;\">\u274e <\/span>de <strong>r\u00e9pondre<\/strong> \u00e0 toutes tes <strong>questions<\/strong><\/span><\/p>\n<p data-start=\"2746\" data-end=\"2781\"><span style=\"color: #000000;\"><span style=\"color: #3366ff; font-size: 14pt;\">\u274e <\/span>de <strong>t\u2019orienter<\/strong> vers la bonne <strong>formule<\/strong><\/span><\/p>\n<p style=\"text-align: center;\" data-start=\"2783\" data-end=\"2818\"><span style=\"color: #000000; font-size: 18pt;\"><strong data-start=\"2783\" data-end=\"2818\">Sans engagement. Sans pression.<\/strong><\/span><\/p>\n<p>[\/vc_column_text][vc_empty_space height=\u00a0\u00bb15&Prime;][\/vc_column][\/vc_row][vc_row content_width=\u00a0\u00bbgrid\u00a0\u00bb content_aligment=\u00a0\u00bbcenter\u00a0\u00bb css=\u00a0\u00bb.vc_custom_1767463609803{padding-top: 0px !important;padding-bottom: 0px !important;}\u00a0\u00bb][vc_column offset=\u00a0\u00bbvc_col-lg-offset-2 vc_col-lg-8 vc_col-md-offset-2 vc_col-md-8 vc_col-sm-offset-0 vc_col-xs-12&Prime;][vc_column_text css=\u00a0\u00bb\u00a0\u00bb]<\/p>\n<h3 data-start=\"2854\" data-end=\"2875\"><span style=\"color: #000000; font-size: 24pt;\">FAQ<\/span><\/h3>\n<p data-start=\"2876\" data-end=\"2974\"><span style=\"color: #000000;\"><strong data-start=\"2876\" data-end=\"2907\">Dois-je d\u00e9j\u00e0 \u00eatre sportif ?<\/strong><\/span><br data-start=\"2907\" data-end=\"2910\" \/><span style=\"color: #000000;\">Non. Les s\u00e9ances sont adapt\u00e9es \u00e0 ton niveau d\u00e8s le premier jour.<\/span><\/p>\n<p data-start=\"2976\" data-end=\"3080\"><span style=\"color: #000000;\"><strong data-start=\"2976\" data-end=\"3004\">Y a-t-il un engagement ?<\/strong><\/span><br data-start=\"3004\" data-end=\"3007\" \/><span style=\"color: #000000;\">Cela d\u00e9pend de la formule choisie, tout est expliqu\u00e9 lors du rendez-vous.<\/span><\/p>\n<p data-start=\"3082\" data-end=\"3159\"><span style=\"color: #000000;\"><strong data-start=\"3082\" data-end=\"3114\">Puis-je changer de formule ?<\/strong><\/span><br data-start=\"3114\" data-end=\"3117\" \/><span style=\"color: #000000;\">Oui, selon ton \u00e9volution et tes objectifs.<\/span><\/p>\n<p data-start=\"3161\" data-end=\"3243\"><span style=\"color: #000000;\"><strong data-start=\"3161\" data-end=\"3188\">Puis-je venir essayer ?<\/strong><\/span><br data-start=\"3188\" data-end=\"3191\" \/><span style=\"color: #000000;\">Oui, le premier contact se fait toujours accompagn\u00e9.<\/span><\/p>\n<p>[\/vc_column_text][vc_empty_space height=\u00a0\u00bb50&Prime;][\/vc_column][\/vc_row][vc_row content_width=\u00a0\u00bbgrid\u00a0\u00bb content_aligment=\u00a0\u00bbcenter\u00a0\u00bb css=\u00a0\u00bb.vc_custom_1767463624560{padding-top: 0px !important;padding-bottom: 0px !important;}\u00a0\u00bb][vc_column offset=\u00a0\u00bbvc_col-lg-offset-2 vc_col-lg-8 vc_col-md-offset-2 vc_col-md-8 vc_col-sm-offset-0 vc_col-xs-12&Prime;][vc_column_text css=\u00a0\u00bb\u00a0\u00bb]<\/p>\n<h2 style=\"text-align: center;\" data-start=\"3264\" data-end=\"3288\"><strong><span style=\"color: #000000; font-size: 24pt;\">Pr\u00eat(e) \u00e0 <span style=\"color: #0000ff;\">commencer ?<\/span><\/span><\/strong><\/h2>\n<p style=\"text-align: center;\" data-start=\"3289\" data-end=\"3343\"><span style=\"color: #000000; font-size: 18pt;\">Ne choisis pas une salle.<\/span><br data-start=\"3314\" data-end=\"3317\" \/><span style=\"color: #000000; font-size: 18pt;\">Choisis un accompagnement.<\/span><\/p>\n<p>[\/vc_column_text][vc_empty_space height=\u00a0\u00bb15&Prime;][\/vc_column][\/vc_row][vc_row content_aligment=\u00a0\u00bbcenter\u00a0\u00bb css=\u00a0\u00bb.vc_custom_1767460894272{padding-right: 25px !important;padding-left: 25px !important;}\u00a0\u00bb][vc_column]<a href=\"https:\/\/crossfitbeaune.com\/index.php\/notre-methode\/\"\n   target=\"_blank\" style=\"background-color: #DD3333;font-size: 12px\" class=\"mkd-btn mkd-btn-solid mkd-btn-large mkd-btn-hover-black\"  >\n\t<span class=\"mkd-btn-text\">R\u00e9server mon rendez-vous<\/span>\n\t\n\t\n\t\t\t<span class=\"mkd-btn-helper\" ><\/span>\n\t<\/a>[vc_empty_space height=\u00a0\u00bb15&Prime;][\/vc_column][\/vc_row][vc_row][vc_column]<div class=\"mkd-testimonials-holder clearfix \"><div class=\"mkd-testimonials testimonials-slider-boxed\"  data-items-to-show =\"4\"><div id=\"mkd-testimonials16368\" class=\"mkd-testimonial-content testimonials-slider-boxed\">\n    <div class=\"mkd-testimonial-slide-inner\">\n        <div class=\"mkd-logo-text\">\n            <div class=\"mkd-testimonial-text\">\n                                <h3 class=\"mkd-testimonial-title\">\n                                    <\/h3>\n                <p>&quot;Le CrossFit m&#039;a aid\u00e9e \u00e0 me sentir mieux dans mon corps et dans ma t\u00eate. \u00c0 CrossFit Beaune, on est comme une grande famille, et on progresse tous ensemble, peu importe notre niveau.&quot;<\/p>\n            <\/div>\n        <\/div>\n        <div class=\"mkd-testimonial-info\">\n                        <h4 class=\"mkd-testimonial-author-text\">\n                St\u00e9phanie C.             <\/h4>\n                            <div class=\"mkd-testimonials-job\">\n                    29 ans                <\/div>\n                    <\/div>\n    <\/div>\n<\/div>\n<div id=\"mkd-testimonials16369\" class=\"mkd-testimonial-content testimonials-slider-boxed\">\n    <div class=\"mkd-testimonial-slide-inner\">\n        <div class=\"mkd-logo-text\">\n            <div class=\"mkd-testimonial-text\">\n                                <h3 class=\"mkd-testimonial-title\">\n                                    <\/h3>\n                <p>&quot;Apr\u00e8s des ann\u00e9es de douleurs au dos, j&#039;ai enfin trouv\u00e9 une activit\u00e9 qui me renforce sans me blesser. L&#039;ambiance est exceptionnelle, et chaque s\u00e9ance est une nouvelle occasion de se d\u00e9passer.&quot;<\/p>\n            <\/div>\n        <\/div>\n        <div class=\"mkd-testimonial-info\">\n                        <h4 class=\"mkd-testimonial-author-text\">\n                Julien T.            <\/h4>\n                            <div class=\"mkd-testimonials-job\">\n                    42 ans                <\/div>\n                    <\/div>\n    <\/div>\n<\/div>\n<div id=\"mkd-testimonials16416\" class=\"mkd-testimonial-content testimonials-slider-boxed\">\n    <div class=\"mkd-testimonial-slide-inner\">\n        <div class=\"mkd-logo-text\">\n            <div class=\"mkd-testimonial-text\">\n                                <h3 class=\"mkd-testimonial-title\">\n                                    <\/h3>\n                <p>&quot;Je n&#039;avais jamais fait de sport avant de venir \u00e0 CrossFit Beaune. Gr\u00e2ce \u00e0 l&#039;accompagnement bienveillant des coachs, j&#039;ai r\u00e9ussi \u00e0 prendre confiance en moi et \u00e0 atteindre des objectifs que je n&#039;aurais jamais imagin\u00e9s possibles. Une vraie communaut\u00e9 qui motive !&quot;<\/p>\n            <\/div>\n        <\/div>\n        <div class=\"mkd-testimonial-info\">\n                        <h4 class=\"mkd-testimonial-author-text\">\n                Aur\u00e9lie M.            <\/h4>\n                            <div class=\"mkd-testimonials-job\">\n                    34 ans                <\/div>\n                    <\/div>\n    <\/div>\n<\/div>\n<div id=\"mkd-testimonials18397\" class=\"mkd-testimonial-content testimonials-slider-boxed\">\n    <div class=\"mkd-testimonial-slide-inner\">\n        <div class=\"mkd-logo-text\">\n            <div class=\"mkd-testimonial-text\">\n                                <h3 class=\"mkd-testimonial-title\">\n                                    <\/h3>\n                <p>&quot;Les coachs de CrossFit Beaune sont toujours \u00e0 l&#039;\u00e9coute et super motivants. Gr\u00e2ce \u00e0 leurs conseils, j&#039;ai am\u00e9lior\u00e9 ma condition physique et d\u00e9couvert une vraie passion.&quot;<\/p>\n            <\/div>\n        <\/div>\n        <div class=\"mkd-testimonial-info\">\n                        <h4 class=\"mkd-testimonial-author-text\">\n                Lucas D.            <\/h4>\n                            <div class=\"mkd-testimonials-job\">\n                    25 ans                <\/div>\n                    <\/div>\n    <\/div>\n<\/div>\n<div id=\"mkd-testimonials18398\" class=\"mkd-testimonial-content testimonials-slider-boxed\">\n    <div class=\"mkd-testimonial-slide-inner\">\n        <div class=\"mkd-logo-text\">\n            <div class=\"mkd-testimonial-text\">\n                                <h3 class=\"mkd-testimonial-title\">\n                                    <\/h3>\n                <p>&quot;Je craignais de ne pas \u00eatre \u00e0 la hauteur en commen\u00e7ant le CrossFit, mais ici, tout est adapt\u00e9 \u00e0 mon niveau. En quelques mois, j&#039;ai gagn\u00e9 en force et en \u00e9nergie, tout en rencontrant des gens formidables.&quot;<\/p>\n            <\/div>\n        <\/div>\n        <div class=\"mkd-testimonial-info\">\n                        <h4 class=\"mkd-testimonial-author-text\">\n                Claire L.             <\/h4>\n                            <div class=\"mkd-testimonials-job\">\n                    39 ans                <\/div>\n                    <\/div>\n    <\/div>\n<\/div>\n<div id=\"mkd-testimonials18399\" class=\"mkd-testimonial-content testimonials-slider-boxed\">\n    <div class=\"mkd-testimonial-slide-inner\">\n        <div class=\"mkd-logo-text\">\n            <div class=\"mkd-testimonial-text\">\n                                <h3 class=\"mkd-testimonial-title\">\n                                    <\/h3>\n                <p>&quot;Ce que j&#039;appr\u00e9cie le plus chez CrossFit Beaune, c&#039;est le m\u00e9lange entre effort et convivialit\u00e9. Peu importe ton \u00e2ge ou ton niveau, on te pousse \u00e0 donner le meilleur de toi-m\u00eame sans jugement.&quot;<\/p>\n            <\/div>\n        <\/div>\n        <div class=\"mkd-testimonial-info\">\n                        <h4 class=\"mkd-testimonial-author-text\">\n                Marc P.            <\/h4>\n                            <div class=\"mkd-testimonials-job\">\n                    48 ans                <\/div>\n                    <\/div>\n    <\/div>\n<\/div>\n<div id=\"mkd-testimonials18400\" class=\"mkd-testimonial-content testimonials-slider-boxed\">\n    <div class=\"mkd-testimonial-slide-inner\">\n        <div class=\"mkd-logo-text\">\n            <div class=\"mkd-testimonial-text\">\n                                <h3 class=\"mkd-testimonial-title\">\n                                    <\/h3>\n                <p>&quot;Les s\u00e9ances sont toujours vari\u00e9es et stimulantes. Je me sens plus en forme que jamais, et je vois les r\u00e9sultats au quotidien. L&#039;\u00e9quipe est top !&quot;<\/p>\n            <\/div>\n        <\/div>\n        <div class=\"mkd-testimonial-info\">\n                        <h4 class=\"mkd-testimonial-author-text\">\n                Sarah V.            <\/h4>\n                            <div class=\"mkd-testimonials-job\">\n                    31 ans                <\/div>\n                    <\/div>\n    <\/div>\n<\/div>\n<div id=\"mkd-testimonials18401\" class=\"mkd-testimonial-content testimonials-slider-boxed\">\n    <div class=\"mkd-testimonial-slide-inner\">\n        <div class=\"mkd-logo-text\">\n            <div class=\"mkd-testimonial-text\">\n                                <h3 class=\"mkd-testimonial-title\">\n                                    <\/h3>\n                <p>&quot;Je cherchais un endroit pour reprendre le sport apr\u00e8s des ann\u00e9es d&#039;inactivit\u00e9. \u00c0 CrossFit Beaune, j&#039;ai trouv\u00e9 bien plus qu&#039;une salle : j&#039;ai trouv\u00e9 une communaut\u00e9 inspirante qui me motive \u00e0 progresser.&quot;<\/p>\n            <\/div>\n        <\/div>\n        <div class=\"mkd-testimonial-info\">\n                        <h4 class=\"mkd-testimonial-author-text\">\n                Thomas G.            <\/h4>\n                            <div class=\"mkd-testimonials-job\">\n                    37 ans                <\/div>\n                    <\/div>\n    <\/div>\n<\/div>\n<div id=\"mkd-testimonials18402\" class=\"mkd-testimonial-content testimonials-slider-boxed\">\n    <div class=\"mkd-testimonial-slide-inner\">\n        <div class=\"mkd-logo-text\">\n            <div class=\"mkd-testimonial-text\">\n                                <h3 class=\"mkd-testimonial-title\">\n                                    <\/h3>\n                <p>&quot;Gr\u00e2ce au CrossFit, j&#039;ai red\u00e9couvert le plaisir de faire du sport. Les coachs sont attentifs \u00e0 la technique et toujours disponibles pour nous encourager. C&#039;est un vrai plaisir de venir s&#039;entra\u00eener ici.&quot;<\/p>\n            <\/div>\n        <\/div>\n        <div class=\"mkd-testimonial-info\">\n                        <h4 class=\"mkd-testimonial-author-text\">\n                Pauline R.            <\/h4>\n                            <div class=\"mkd-testimonials-job\">\n                    45 ans                <\/div>\n                    <\/div>\n    <\/div>\n<\/div>\n<div id=\"mkd-testimonials18403\" class=\"mkd-testimonial-content testimonials-slider-boxed\">\n    <div class=\"mkd-testimonial-slide-inner\">\n        <div class=\"mkd-logo-text\">\n            <div class=\"mkd-testimonial-text\">\n                                <h3 class=\"mkd-testimonial-title\">\n                                    <\/h3>\n                <p>&quot;Chaque s\u00e9ance est un challenge, mais aussi un moment de partage. CrossFit Beaune a totalement chang\u00e9 ma perception du sport. Je me sens plus fort, plus endurant et plus heureux.&quot;<\/p>\n            <\/div>\n        <\/div>\n        <div class=\"mkd-testimonial-info\">\n                        <h4 class=\"mkd-testimonial-author-text\">\n                Bastien K.            <\/h4>\n                            <div class=\"mkd-testimonials-job\">\n                    33 ans                <\/div>\n                    <\/div>\n    <\/div>\n<\/div>\n<div id=\"mkd-testimonials18404\" class=\"mkd-testimonial-content testimonials-slider-boxed\">\n    <div class=\"mkd-testimonial-slide-inner\">\n        <div class=\"mkd-logo-text\">\n            <div class=\"mkd-testimonial-text\">\n                                <h3 class=\"mkd-testimonial-title\">\n                                    <\/h3>\n                <p>&quot;Je pensais que le CrossFit \u00e9tait r\u00e9serv\u00e9 aux jeunes, mais les coachs de CrossFit Beaune m&#039;ont prouv\u00e9 le contraire. Gr\u00e2ce \u00e0 un programme adapt\u00e9 \u00e0 mes capacit\u00e9s, j&#039;ai retrouv\u00e9 une \u00e9nergie incroyable et une meilleure mobilit\u00e9. L&#039;ambiance chaleureuse me motive \u00e0 venir chaque semaine. C&#039;est une vraie bouff\u00e9e d&#039;air frais !&quot;<\/p>\n            <\/div>\n        <\/div>\n        <div class=\"mkd-testimonial-info\">\n                        <h4 class=\"mkd-testimonial-author-text\">\n                Michel R            <\/h4>\n                            <div class=\"mkd-testimonials-job\">\n                    62 ans                <\/div>\n                    <\/div>\n    <\/div>\n<\/div>\n<\/div><\/div>[\/vc_column][\/vc_row][vc_column][\/vc_column]<div class=\"mkd-elements-holder mkd-responsive-mode-768\" ><\/div>[vc_column width=\u00a0\u00bb1\/3&Prime;][\/vc_column]<\/p>\n<\/div>","protected":false},"excerpt":{"rendered":"<p>[vc_row][vc_column][vc_empty_space height=\u00a0\u00bb30&Prime;][\/vc_column][\/vc_row][vc_row][vc_column][vc_single_image image=\u00a0\u00bb19016&Prime; img_size=\u00a0\u00bblarge\u00a0\u00bb alignment=\u00a0\u00bbcenter\u00a0\u00bb onclick=\u00a0\u00bbcustom_link\u00a0\u00bb img_link_target=\u00a0\u00bb_blank\u00a0\u00bb css=\u00a0\u00bb\u00a0\u00bb link=\u00a0\u00bbhttps:\/\/crossfitbeaune.com\/index.php\/notre-methode\/\u00a0\u00bb][vc_empty_space height=\u00a0\u00bb30&Prime;][\/vc_column][\/vc_row][vc_row][vc_column][vc_single_image image=\u00a0\u00bb19018&Prime; img_size=\u00a0\u00bblarge\u00a0\u00bb alignment=\u00a0\u00bbcenter\u00a0\u00bb onclick=\u00a0\u00bbcustom_link\u00a0\u00bb img_link_target=\u00a0\u00bb_blank\u00a0\u00bb css=\u00a0\u00bb\u00a0\u00bb link=\u00a0\u00bbhttps:\/\/crossfitbeaune.com\/index.php\/notre-methode\/\u00a0\u00bb][vc_empty_space height=\u00a0\u00bb30&Prime;][\/vc_column][\/vc_row][vc_row][vc_column][vc_single_image image=\u00a0\u00bb19021&Prime; img_size=\u00a0\u00bblarge\u00a0\u00bb alignment=\u00a0\u00bbcenter\u00a0\u00bb onclick=\u00a0\u00bbimg_link_large\u00a0\u00bb css=\u00a0\u00bb\u00a0\u00bb][vc_empty_space height=\u00a0\u00bb30&Prime;][\/vc_column][\/vc_row][vc_row content_width=\u00a0\u00bbgrid\u00a0\u00bb content_aligment=\u00a0\u00bbcenter\u00a0\u00bb css=\u00a0\u00bb.vc_custom_1767463184015{padding-top: 0px !important;padding-bottom: 0px !important;}\u00a0\u00bb][vc_column offset=\u00a0\u00bbvc_col-lg-offset-2 vc_col-lg-8 vc_col-md-offset-2 vc_col-md-8 vc_col-sm-offset-0 vc_col-xs-12&Prime;][vc_column_text css=\u00a0\u00bb\u00a0\u00bb] POURQUOI NOUS NE METTONS PAS DE PRIX&#8230;<\/p>\n","protected":false},"author":1,"featured_media":0,"parent":0,"menu_order":0,"comment_status":"closed","ping_status":"closed","template":"full-width.php","meta":{"om_disable_all_campaigns":false,"_monsterinsights_skip_tracking":false,"_monsterinsights_sitenote_active":false,"_monsterinsights_sitenote_note":"","_monsterinsights_sitenote_category":0,"footnotes":""},"class_list":["post-13163","page","type-page","status-publish","hentry"],"aioseo_notices":[],"_links":{"self":[{"href":"https:\/\/crossfitbeaune.com\/index.php\/wp-json\/wp\/v2\/pages\/13163","targetHints":{"allow":["GET"]}}],"collection":[{"href":"https:\/\/crossfitbeaune.com\/index.php\/wp-json\/wp\/v2\/pages"}],"about":[{"href":"https:\/\/crossfitbeaune.com\/index.php\/wp-json\/wp\/v2\/types\/page"}],"author":[{"embeddable":true,"href":"https:\/\/crossfitbeaune.com\/index.php\/wp-json\/wp\/v2\/users\/1"}],"replies":[{"embeddable":true,"href":"https:\/\/crossfitbeaune.com\/index.php\/wp-json\/wp\/v2\/comments?post=13163"}],"version-history":[{"count":123,"href":"https:\/\/crossfitbeaune.com\/index.php\/wp-json\/wp\/v2\/pages\/13163\/revisions"}],"predecessor-version":[{"id":18929,"href":"https:\/\/crossfitbeaune.com\/index.php\/wp-json\/wp\/v2\/pages\/13163\/revisions\/18929"}],"wp:attachment":[{"href":"https:\/\/crossfitbeaune.com\/index.php\/wp-json\/wp\/v2\/media?parent=13163"}],"curies":[{"name":"wp","href":"https:\/\/api.w.org\/{rel}","templated":true}]}}